{"id":135,"date":"2024-11-05T22:19:33","date_gmt":"2024-11-05T22:19:33","guid":{"rendered":"http:\/\/thecolonictrainingcenter.com\/home\/"},"modified":"2025-08-02T17:35:59","modified_gmt":"2025-08-02T17:35:59","slug":"home","status":"publish","type":"page","link":"https:\/\/thecolonictrainingcenter.com\/es_do\/","title":{"rendered":"Home"},"content":{"rendered":"<div class=\"wp-block-uagb-container uagb-layout-flex uagb-block-8fdafca1 alignfull uagb-is-root-container\"><div class=\"uagb-container-inner-blocks-wrap\">\n<div class=\"wp-block-uagb-container uagb-block-b81bac4b\">\n<div class=\"wp-block-uagb-info-box uagb-block-2b4113e3 uagb-infobox__content-wrap  uagb-infobox-icon-above-title uagb-infobox-image-valign-top wp-block-uagb-info-box--has-margin\"><div class=\"uagb-infobox-margin-wrapper\"><div class=\"uagb-ifb-content\"><div class=\"uagb-ifb-title-wrap\"><h1 class=\"uagb-ifb-title\"><strong>THE COLONIC TRAINING CENTER<\/strong><\/h1><\/div><p class=\"uagb-ifb-desc\">Soy Hilda Pichardo, natur\u00f3pata graduada del Trinity College Of Natural Health e Instructora de Hidroterapia de Colon por I-ACT, con m\u00e1s de 30 a\u00f1os de experiencia en el campo de la medicina preventiva. He dedicado mi carrera a trabajar con la comunidad hispana en los EE. UU. y brindarles consultor\u00eda de salud y bienestar de calidad. Adem\u00e1s, he ayudado a terapeutas de salud natural a establecer sus propios centros una vez que se han certificado en Hidroterapia de Colon.<\/p><div class=\"uagb-ifb-button-wrapper wp-block-button\"><a href=\"https:\/\/thecolonictrainingcenter.com\/es_do\/contact\/\" class=\"uagb-infobox-cta-link wp-block-button__link\" target=\"_self\" rel=\"noopener noreferrer\" onclick=\"return true;\"><span class=\"uagb-inline-editing\">Cont\u00e1ctenos<\/span><\/a><\/div><\/div><\/div><\/div>\n<\/div>\n\n\n\n<div class=\"wp-block-uagb-container uagb-block-646adcbe\">\n<div data-aos= \"zoom-in-left\" data-aos-duration=\"400\" data-aos-delay=\"0\" data-aos-easing=\"ease\" data-aos-once=\"true\" class=\"wp-block-uagb-image uagb-block-928e0766 wp-block-uagb-image--layout-default wp-block-uagb-image--effect-static wp-block-uagb-image--align-none is-style-default\"><figure class=\"wp-block-uagb-image__figure\"><img loading=\"lazy\" decoding=\"async\" srcset=\"https:\/\/thecolonictrainingcenter.com\/wp-content\/uploads\/2025\/01\/HILDA-scaled.jpg ,https:\/\/thecolonictrainingcenter.com\/wp-content\/uploads\/2025\/01\/HILDA-scaled.jpg 780w, https:\/\/thecolonictrainingcenter.com\/wp-content\/uploads\/2025\/01\/HILDA-scaled.jpg 360w\" sizes=\"auto, (max-width: 480px) 150px\" src=\"https:\/\/thecolonictrainingcenter.com\/wp-content\/uploads\/2025\/01\/HILDA-scaled.jpg\" alt=\"\" class=\"uag-image-1407\" width=\"1816\" height=\"2560\" title=\"HILDA\" role=\"img\"\/><\/figure><\/div>\n<\/div>\n<\/div><\/div>\n\n\n\n<div class=\"wp-block-uagb-container uagb-layout-flex uagb-block-90a407d7 alignfull uagb-is-root-container\"><div class=\"uagb-container-inner-blocks-wrap\">\n<div class=\"wp-block-uagb-advanced-heading uagb-block-9597cbd8\"><h6 class=\"uagb-heading-text\">En colaboraci\u00f3n con:     <\/h6><\/div>\n\n\n\n<div class=\"wp-block-uagb-container uagb-block-06b588ad alignfull uagb-is-root-container\"><div class=\"uagb-container-inner-blocks-wrap\">\n<div class=\"wp-block-uagb-container uagb-block-4682ea2a\">\n<div class=\"wp-block-uagb-image aligncenter uagb-block-114e422f wp-block-uagb-image--layout-default wp-block-uagb-image--effect-zoomin wp-block-uagb-image--align-center\"><figure class=\"wp-block-uagb-image__figure\"><a class=\"\" href=\"https:\/\/www.i-act.org\/\" target=\"\" rel=\"noopener\"><img loading=\"lazy\" decoding=\"async\" srcset=\"https:\/\/thecolonictrainingcenter.com\/wp-content\/uploads\/2025\/01\/I-ACT_Logo_transparent_Small_400x400.png ,https:\/\/thecolonictrainingcenter.com\/wp-content\/uploads\/2025\/01\/I-ACT_Logo_transparent_Small_400x400.png 780w, https:\/\/thecolonictrainingcenter.com\/wp-content\/uploads\/2025\/01\/I-ACT_Logo_transparent_Small_400x400.png 360w\" sizes=\"auto, (max-width: 480px) 150px\" src=\"https:\/\/thecolonictrainingcenter.com\/wp-content\/uploads\/2025\/01\/I-ACT_Logo_transparent_Small_400x400.png\" alt=\"\" class=\"uag-image-1319\" width=\"225\" height=\"130\" title=\"I-ACT_Logo_transparent_Small_400x400\" role=\"img\"\/><\/a><\/figure><\/div>\n<\/div>\n\n\n\n<div class=\"wp-block-uagb-container uag-hide-desktop uag-hide-tab uag-hide-mob uagb-block-dad6b17f\"><\/div>\n\n\n\n<div class=\"wp-block-uagb-container uag-hide-desktop uag-hide-tab uag-hide-mob uagb-block-5ace249d\"><\/div>\n\n\n\n<div class=\"wp-block-uagb-container uag-hide-desktop uag-hide-tab uag-hide-mob uagb-block-705b3643\"><\/div>\n\n\n\n<div class=\"wp-block-uagb-container uag-hide-desktop uag-hide-tab uag-hide-mob uagb-block-922d985e\"><\/div>\n<\/div><\/div>\n<\/div><\/div>\n\n\n\n<div class=\"wp-block-uagb-container uagb-block-f6e18d6d alignfull uagb-is-root-container\">\n<div class=\"wp-block-uagb-info-box uagb-block-85984a92 uagb-infobox__content-wrap  uagb-infobox-icon-above-title uagb-infobox-image-valign-top\"><div class=\"uagb-ifb-content\"><div class=\"uagb-ifb-title-wrap\"><h2 class=\"uagb-ifb-title\"><strong>Nuestros Servicios<\/strong><\/h2><\/div><div class=\"uagb-ifb-separator\"><\/div><\/div><\/div>\n\n\n\n<div class=\"wp-block-uagb-container uagb-layout-flex uagb-block-453030f2\">\n<div data-aos= \"slide-up\" data-aos-duration=\"400\" data-aos-delay=\"0\" data-aos-easing=\"ease\" data-aos-once=\"true\" class=\"wp-block-uagb-container uagb-block-04cf0ea2\">\n<div class=\"wp-block-uagb-image uagb-block-278f0863 wp-block-uagb-image--layout-default wp-block-uagb-image--effect-static wp-block-uagb-image--align-none\"><figure class=\"wp-block-uagb-image__figure\"><img loading=\"lazy\" decoding=\"async\" srcset=\"https:\/\/thecolonictrainingcenter.com\/wp-content\/uploads\/2024\/11\/01.jpg ,https:\/\/thecolonictrainingcenter.com\/wp-content\/uploads\/2024\/11\/01.jpg 780w, https:\/\/thecolonictrainingcenter.com\/wp-content\/uploads\/2024\/11\/01.jpg 360w\" sizes=\"auto, (max-width: 480px) 150px\" src=\"https:\/\/thecolonictrainingcenter.com\/wp-content\/uploads\/2024\/11\/01.jpg\" alt=\"\" class=\"uag-image-1038\" width=\"256\" height=\"170\" title=\"01\" role=\"img\"\/><\/figure><\/div>\n\n\n\n<div class=\"wp-block-uagb-info-box uagb-block-f9627e46 uagb-infobox__content-wrap  uagb-infobox-icon-above-title uagb-infobox-image-valign-top wp-block-uagb-info-box--has-margin\"><div class=\"uagb-infobox-margin-wrapper\"><div class=\"uagb-ifb-content\"><div class=\"uagb-ifb-title-wrap\"><h3 class=\"uagb-ifb-title-prefix\"><br><strong>Tratamientos de Hidroterapia de Colon<\/strong><\/h3><\/div><\/div><\/div><\/div>\n\n\n\n<div class=\"wp-block-uagb-buttons uagb-buttons__outer-wrap uagb-btn__medium-btn uagb-btn-tablet__default-btn uagb-btn-mobile__default-btn uagb-block-64622816\"><div class=\"uagb-buttons__wrap uagb-buttons-layout-wrap\">\n<div class=\"wp-block-uagb-buttons-child uagb-buttons__outer-wrap uagb-block-61c8cd08 wp-block-button\"><div class=\"uagb-button__wrapper\"><a class=\"uagb-buttons-repeater wp-block-button__link\" aria-label=\"\" href=\"https:\/\/thecolonictrainingcenter.com\/es_do\/services\/\" rel=\"follow noopener\" target=\"_self\" role=\"button\"><div class=\"uagb-button__link\">Detalles<\/div><\/a><\/div><\/div>\n<\/div><\/div>\n\n\n\n<div style=\"height:9px\" aria-hidden=\"true\" class=\"wp-block-spacer\"><\/div>\n<\/div>\n\n\n\n<div data-aos= \"slide-up\" data-aos-duration=\"400\" data-aos-delay=\"0\" data-aos-easing=\"ease\" data-aos-once=\"true\" class=\"wp-block-uagb-container uagb-block-8220e6aa\">\n<div class=\"wp-block-uagb-image uagb-block-bc0f4429 wp-block-uagb-image--layout-default wp-block-uagb-image--effect-static wp-block-uagb-image--align-none\"><figure class=\"wp-block-uagb-image__figure\"><img loading=\"lazy\" decoding=\"async\" srcset=\"https:\/\/thecolonictrainingcenter.com\/wp-content\/uploads\/2024\/11\/02.jpg ,https:\/\/thecolonictrainingcenter.com\/wp-content\/uploads\/2024\/11\/02.jpg 780w, https:\/\/thecolonictrainingcenter.com\/wp-content\/uploads\/2024\/11\/02.jpg 360w\" sizes=\"auto, (max-width: 480px) 150px\" src=\"https:\/\/thecolonictrainingcenter.com\/wp-content\/uploads\/2024\/11\/02.jpg\" alt=\"\" class=\"uag-image-1037\" width=\"256\" height=\"170\" title=\"M\u00e9dico,Celebraci\u00f3n,Decoraci\u00f3n,Modelo,Intestino.,Gastroenterolog\u00eda,,Sanas,La Digesti\u00f3n,Microbioma,El Intestino\" role=\"img\"\/><\/figure><\/div>\n\n\n\n<div class=\"wp-block-uagb-info-box uagb-block-50e308b3 uagb-infobox__content-wrap  uagb-infobox-icon-above-title uagb-infobox-image-valign-top wp-block-uagb-info-box--has-margin\"><div class=\"uagb-infobox-margin-wrapper\"><div class=\"uagb-ifb-content\"><div class=\"uagb-ifb-title-wrap\"><h3 class=\"uagb-ifb-title-prefix\"><br><strong>I-ACT &amp; NBCHT Certificaci\u00f3n<\/strong><\/h3><\/div><\/div><\/div><\/div>\n\n\n\n<div class=\"wp-block-uagb-buttons uagb-buttons__outer-wrap uagb-btn__medium-btn uagb-btn-tablet__default-btn uagb-btn-mobile__default-btn uagb-block-3f31eaa5\"><div class=\"uagb-buttons__wrap uagb-buttons-layout-wrap\">\n<div class=\"wp-block-uagb-buttons-child uagb-buttons__outer-wrap uagb-block-1876930f wp-block-button is-style-outline\"><div class=\"uagb-button__wrapper\"><a class=\"uagb-buttons-repeater wp-block-button__link\" aria-label=\"\" href=\"https:\/\/thecolonictrainingcenter.com\/es_do\/services\/\" rel=\"follow noopener\" target=\"_self\" role=\"button\"><div class=\"uagb-button__link\">Detalles<\/div><\/a><\/div><\/div>\n<\/div><\/div>\n\n\n\n<div style=\"height:9px\" aria-hidden=\"true\" class=\"wp-block-spacer\"><\/div>\n<\/div>\n\n\n\n<div data-aos= \"slide-up\" data-aos-duration=\"400\" data-aos-delay=\"0\" data-aos-easing=\"ease\" data-aos-once=\"true\" class=\"wp-block-uagb-container uagb-layout-grid uagb-block-c1ff9fe9\">\n<div class=\"wp-block-uagb-image uagb-block-cf2aeea5 wp-block-uagb-image--layout-default wp-block-uagb-image--effect-static wp-block-uagb-image--align-none\"><figure class=\"wp-block-uagb-image__figure\"><img loading=\"lazy\" decoding=\"async\" srcset=\"https:\/\/thecolonictrainingcenter.com\/wp-content\/uploads\/2024\/11\/03.jpg ,https:\/\/thecolonictrainingcenter.com\/wp-content\/uploads\/2024\/11\/03.jpg 780w, https:\/\/thecolonictrainingcenter.com\/wp-content\/uploads\/2024\/11\/03.jpg 360w\" sizes=\"auto, (max-width: 480px) 150px\" src=\"https:\/\/thecolonictrainingcenter.com\/wp-content\/uploads\/2024\/11\/03.jpg\" alt=\"\" class=\"uag-image-1036\" width=\"256\" height=\"170\" title=\"03\" role=\"img\"\/><\/figure><\/div>\n\n\n\n<div class=\"wp-block-uagb-info-box uagb-block-17d6a5bf uagb-infobox__content-wrap  uagb-infobox-icon-above-title uagb-infobox-image-valign-top wp-block-uagb-info-box--has-margin\"><div class=\"uagb-infobox-margin-wrapper\"><div class=\"uagb-ifb-content\"><div class=\"uagb-ifb-title-wrap\"><h3 class=\"uagb-ifb-title-prefix\"><br><strong>Consultas y Talleres de Colon<\/strong><\/h3><\/div><\/div><\/div><\/div>\n\n\n\n<div class=\"wp-block-uagb-buttons uagb-buttons__outer-wrap uagb-btn__medium-btn uagb-btn-tablet__default-btn uagb-btn-mobile__default-btn uagb-block-a6fd5719\"><div class=\"uagb-buttons__wrap uagb-buttons-layout-wrap\">\n<div class=\"wp-block-uagb-buttons-child uagb-buttons__outer-wrap uagb-block-926adf86 wp-block-button is-style-outline\"><div class=\"uagb-button__wrapper\"><a class=\"uagb-buttons-repeater wp-block-button__link\" aria-label=\"\" href=\"https:\/\/thecolonictrainingcenter.com\/es_do\/services\/\" rel=\"follow noopener\" target=\"_self\" role=\"button\"><div class=\"uagb-button__link\">Detalles<\/div><\/a><\/div><\/div>\n<\/div><\/div>\n\n\n\n<div style=\"height:9px\" aria-hidden=\"true\" class=\"wp-block-spacer\"><\/div>\n<\/div>\n<\/div>\n<\/div>\n\n\n\n<div class=\"wp-block-uagb-container uagb-block-dd2de6c0 alignfull uagb-is-root-container\"><div class=\"uagb-container-inner-blocks-wrap\">\n<div class=\"wp-block-uagb-container uagb-block-6d40d690\">\n<div class=\"wp-block-uagb-info-box uagb-block-9b7bd06e uagb-infobox__content-wrap  uagb-infobox-icon-above-title uagb-infobox-image-valign-top wp-block-uagb-info-box--has-margin\"><div class=\"uagb-infobox-margin-wrapper\"><div class=\"uagb-ifb-content\"><div class=\"uagb-ifb-title-wrap\"><h2 class=\"uagb-ifb-title\"><strong>Nosotros<\/strong><\/h2><\/div><div class=\"uagb-ifb-separator\"><\/div><\/div><\/div><\/div>\n\n\n\n<div class=\"wp-block-uagb-info-box uagb-block-97a3590b uagb-infobox__content-wrap  uagb-infobox-icon-above-title uagb-infobox-image-valign-top\"><div class=\"uagb-ifb-content\"><div class=\"uagb-ifb-title-wrap\"><\/div><p class=\"uagb-ifb-desc\">En THE COLONIC TRAINING CENTER, nos enfocamos en ense\u00f1ar una metodolog\u00eda basada en evidencia y experiencia pr\u00e1ctica para el tratamiento de las molestias recurrentes del sistema digestivo. Promovemos un enfoque hol\u00edstico, teniendo en cuenta no solo la apariencia f\u00edsica del cliente, sino tambi\u00e9n su bienestar emocional y espiritual.<br><br>Con instructores experimentados y un entorno de aprendizaje seguro y acogedor, ofrecemos una educaci\u00f3n de alta calidad que combina la teor\u00eda y la pr\u00e1ctica con un enfoque hol\u00edstico. Nuestros estudiantes reciben no solo conocimientos te\u00f3ricos y pr\u00e1cticos, sino tambi\u00e9n capacitaci\u00f3n b\u00e1sica en \u00e9tica profesional, nutrici\u00f3n y marketing de peque\u00f1as empresas, prepar\u00e1ndolos para una carrera exitosa y satisfactoria en el campo de la hidroterapia de colon.<\/p><div class=\"uagb-ifb-button-wrapper wp-block-button\"><a href=\"https:\/\/thecolonictrainingcenter.com\/es_do\/about-us\/\" class=\"uagb-infobox-cta-link wp-block-button__link\" target=\"_self\" rel=\"noopener noreferrer\" onclick=\"return true;\"><span class=\"uagb-inline-editing\">M\u00e1s Acerca De Nosotros<\/span><\/a><\/div><\/div><\/div>\n<\/div>\n\n\n\n<div class=\"wp-block-uagb-container uagb-block-868bceb2\">\n<div class=\"wp-block-uagb-image uagb-block-1dbd58b5 wp-block-uagb-image--layout-default wp-block-uagb-image--effect-static wp-block-uagb-image--align-none\"><figure class=\"wp-block-uagb-image__figure\"><img loading=\"lazy\" decoding=\"async\" srcset=\"https:\/\/thecolonictrainingcenter.com\/wp-content\/uploads\/2025\/01\/Imagen-1.jpeg ,https:\/\/thecolonictrainingcenter.com\/wp-content\/uploads\/2025\/01\/Imagen-1.jpeg 780w, https:\/\/thecolonictrainingcenter.com\/wp-content\/uploads\/2025\/01\/Imagen-1.jpeg 360w\" sizes=\"auto, (max-width: 480px) 150px\" src=\"https:\/\/thecolonictrainingcenter.com\/wp-content\/uploads\/2025\/01\/Imagen-1.jpeg\" alt=\"\" class=\"uag-image-1447\" width=\"600\" height=\"650\" title=\"Imagen 1\" role=\"img\"\/><\/figure><\/div>\n<\/div>\n<\/div><\/div>\n\n\n\n<div class=\"wp-block-uagb-container uagb-block-d3e436eb alignfull uagb-is-root-container\"><div class=\"uagb-container-inner-blocks-wrap\"><\/div><\/div>\n\n\n\n<div class=\"wp-block-uagb-container uagb-block-fc3ddbf6 alignfull uagb-is-root-container\"><div class=\"uagb-container-inner-blocks-wrap\">\n<div class=\"wp-block-uagb-info-box uagb-block-5a4ae738 uagb-infobox__content-wrap  uagb-infobox-icon-above-title uagb-infobox-image-valign-top wp-block-uagb-info-box--has-margin\"><div class=\"uagb-infobox-margin-wrapper\"><div class=\"uagb-ifb-content\"><div class=\"uagb-ifb-title-wrap\"><h6 class=\"uagb-ifb-title-prefix\"><strong>Estamos aqu\u00ed para ayudar <\/strong><\/h6><h2 class=\"uagb-ifb-title\"><strong>\u00bfPor qu\u00e9 elegirnos?<\/strong><\/h2><\/div><div class=\"uagb-ifb-separator\"><\/div><\/div><\/div><\/div>\n\n\n\n<div data-aos= \"fade-up\" data-aos-duration=\"400\" data-aos-delay=\"0\" data-aos-easing=\"ease\" data-aos-once=\"true\" class=\"wp-block-uagb-container uagb-layout-grid uagb-block-2344bd45 alignfull uagb-is-root-container\"><div class=\"uagb-container-inner-blocks-wrap\">\n<div class=\"wp-block-uagb-info-box uagb-block-3b770ade uagb-infobox__content-wrap  uagb-infobox-icon-above-title uagb-infobox-image-valign-top\"><div class=\"uagb-ifb-content\"><div class=\"uagb-ifb-icon-wrap\"><svg xmlns=\"https:\/\/www.w3.org\/2000\/svg\" viewbox=\"0 0 640 512\"><path d=\"M320 128C328.8 128 336 135.2 336 144V160H352C360.8 160 368 167.2 368 176C368 184.8 360.8 192 352 192H320C311.2 192 304 184.8 304 176V144C304 135.2 311.2 128 320 128zM476.8 98.06L602.4 125.1C624.4 130.9 640 150.3 640 172.8V464C640 490.5 618.5 512 592 512H48C21.49 512 0 490.5 0 464V172.8C0 150.3 15.63 130.9 37.59 125.1L163.2 98.06L302.2 5.374C312.1-1.791 327-1.791 337.8 5.374L476.8 98.06zM256 512H384V416C384 380.7 355.3 352 320 352C284.7 352 256 380.7 256 416V512zM96 192C87.16 192 80 199.2 80 208V272C80 280.8 87.16 288 96 288H128C136.8 288 144 280.8 144 272V208C144 199.2 136.8 192 128 192H96zM496 272C496 280.8 503.2 288 512 288H544C552.8 288 560 280.8 560 272V208C560 199.2 552.8 192 544 192H512C503.2 192 496 199.2 496 208V272zM96 320C87.16 320 80 327.2 80 336V400C80 408.8 87.16 416 96 416H128C136.8 416 144 408.8 144 400V336C144 327.2 136.8 320 128 320H96zM496 400C496 408.8 503.2 416 512 416H544C552.8 416 560 408.8 560 400V336C560 327.2 552.8 320 544 320H512C503.2 320 496 327.2 496 336V400zM320 88C271.4 88 232 127.4 232 176C232 224.6 271.4 264 320 264C368.6 264 408 224.6 408 176C408 127.4 368.6 88 320 88z\"><\/path><\/svg><\/div><div class=\"uagb-ifb-title-wrap\"><h3 class=\"uagb-ifb-title\"><strong>Formaci\u00f3n De Alta Calidad<\/strong><\/h3><\/div><div class=\"uagb-ifb-separator\"><\/div><p class=\"uagb-ifb-desc\">Ofrecemos programas de capacitaci\u00f3n y actualizaci\u00f3n bajo los lineamientos de organizaciones reconocidas como I-ACT, Cengage, Ed2Go y The Colonic Network.<\/p><div class=\"uagb-ifb-button-wrapper wp-block-button\"><a href=\"https:\/\/thecolonictrainingcenter.com\/es_do\/contact\/\" class=\"uagb-infobox-cta-link wp-block-button__link\" target=\"_self\" rel=\"noopener noreferrer\" onclick=\"return true;\"><span class=\"uagb-inline-editing\">Contacto<\/span><\/a><\/div><\/div><\/div>\n\n\n\n<div class=\"wp-block-uagb-info-box uagb-block-c63e3261 uagb-infobox__content-wrap  uagb-infobox-icon-above-title uagb-infobox-image-valign-top\"><div class=\"uagb-ifb-content\"><div class=\"uagb-ifb-icon-wrap\"><svg xmlns=\"https:\/\/www.w3.org\/2000\/svg\" viewbox=\"0 0 512 512\"><path d=\"M45.63 79.75L52 81.25v58.5C45 143.9 40 151.3 40 160c0 8.375 4.625 15.38 11.12 19.75L35.5 242C33.75 248.9 37.63 256 43.13 256h41.75c5.5 0 9.375-7.125 7.625-13.1L76.88 179.8C83.38 175.4 88 168.4 88 160c0-8.75-5-16.12-12-20.25V87.13L128 99.63l.001 60.37c0 70.75 57.25 128 128 128s127.1-57.25 127.1-128L384 99.62l82.25-19.87c18.25-4.375 18.25-27 0-31.5l-190.4-46c-13-3-26.62-3-39.63 0l-190.6 46C27.5 52.63 27.5 75.38 45.63 79.75zM359.2 312.8l-103.2 103.2l-103.2-103.2c-69.93 22.3-120.8 87.2-120.8 164.5C32 496.5 47.53 512 66.67 512h378.7C464.5 512 480 496.5 480 477.3C480 400 429.1 335.1 359.2 312.8z\"><\/path><\/svg><\/div><div class=\"uagb-ifb-title-wrap\"><h3 class=\"uagb-ifb-title\"><strong>Experiencia y Profesionalismo<\/strong><\/h3><\/div><div class=\"uagb-ifb-separator\"><\/div><p class=\"uagb-ifb-desc\">Experiencia en medicina hol\u00edstica y salud preventiva, garantizamos un alto nivel de conocimiento y profesionalismo en los servicios y capacitaci\u00f3n ofrecidos.<\/p><div class=\"uagb-ifb-button-wrapper wp-block-button\"><a href=\"https:\/\/thecolonictrainingcenter.com\/es_do\/contact\/\" class=\"uagb-infobox-cta-link wp-block-button__link\" target=\"_self\" rel=\"noopener noreferrer\" onclick=\"return true;\"><span class=\"uagb-inline-editing\">Contacto<\/span><\/a><\/div><\/div><\/div>\n\n\n\n<div class=\"wp-block-uagb-info-box uagb-block-f883db38 uagb-infobox__content-wrap  uagb-infobox-icon-above-title uagb-infobox-image-valign-top\"><div class=\"uagb-ifb-content\"><div class=\"uagb-ifb-icon-wrap\"><svg xmlns=\"https:\/\/www.w3.org\/2000\/svg\" viewbox=\"0 0 512 512\"><path d=\"M480 0C497.7 0 512 14.33 512 32C512 49.67 497.7 64 480 64V448C497.7 448 512 462.3 512 480C512 497.7 497.7 512 480 512H304V448H208V512H32C14.33 512 0 497.7 0 480C0 462.3 14.33 448 32 448V64C14.33 64 0 49.67 0 32C0 14.33 14.33 0 32 0H480zM112 96C103.2 96 96 103.2 96 112V144C96 152.8 103.2 160 112 160H144C152.8 160 160 152.8 160 144V112C160 103.2 152.8 96 144 96H112zM224 144C224 152.8 231.2 160 240 160H272C280.8 160 288 152.8 288 144V112C288 103.2 280.8 96 272 96H240C231.2 96 224 103.2 224 112V144zM368 96C359.2 96 352 103.2 352 112V144C352 152.8 359.2 160 368 160H400C408.8 160 416 152.8 416 144V112C416 103.2 408.8 96 400 96H368zM96 240C96 248.8 103.2 256 112 256H144C152.8 256 160 248.8 160 240V208C160 199.2 152.8 192 144 192H112C103.2 192 96 199.2 96 208V240zM240 192C231.2 192 224 199.2 224 208V240C224 248.8 231.2 256 240 256H272C280.8 256 288 248.8 288 240V208C288 199.2 280.8 192 272 192H240zM352 240C352 248.8 359.2 256 368 256H400C408.8 256 416 248.8 416 240V208C416 199.2 408.8 192 400 192H368C359.2 192 352 199.2 352 208V240zM256 288C211.2 288 173.5 318.7 162.1 360.2C159.7 373.1 170.7 384 184 384H328C341.3 384 352.3 373.1 349 360.2C338.5 318.7 300.8 288 256 288z\"><\/path><\/svg><\/div><div class=\"uagb-ifb-title-wrap\"><h3 class=\"uagb-ifb-title\"><strong>Enfoque integral y Preventivo<\/strong><\/h3><\/div><div class=\"uagb-ifb-separator\"><\/div><p class=\"uagb-ifb-desc\">Nos especializamos en salud preventiva y hol\u00edstica, abarcando no solo la apariencia f\u00edsica, sino tambi\u00e9n el bienestar emocional y espiritual de los clientes.<\/p><div class=\"uagb-ifb-button-wrapper wp-block-button\"><a href=\"https:\/\/thecolonictrainingcenter.com\/es_do\/contact\/\" class=\"uagb-infobox-cta-link wp-block-button__link\" target=\"_self\" rel=\"noopener noreferrer\" onclick=\"return true;\"><span class=\"uagb-inline-editing\">Contacto<\/span><\/a><\/div><\/div><\/div>\n<\/div><\/div>\n<\/div><\/div>\n\n\n\n<div class=\"wp-block-uagb-container uagb-block-2233cea6 alignfull uagb-is-root-container\"><div class=\"uagb-container-inner-blocks-wrap\">\n<div class=\"wp-block-uagb-info-box uagb-block-79017b13 uagb-infobox__content-wrap  uagb-infobox-icon-above-title uagb-infobox-image-valign-top wp-block-uagb-info-box--has-margin\"><div class=\"uagb-infobox-margin-wrapper\"><div class=\"uagb-ifb-content\"><div class=\"uagb-ifb-title-wrap\"><h2 class=\"uagb-ifb-title\"><strong>Vamos a construir una carrera en la Hidroterapia de Colon juntos.<\/strong><\/h2><\/div><div class=\"uagb-ifb-separator\"><\/div><p class=\"uagb-ifb-desc\">Durante la capacitaci\u00f3n, usted podr\u00e1:<br>\u2013 Aprende todo sobre el sistema digestivo y c\u00f3mo funciona.<br>\u2013 Entender lo que significa ser certificada, profesional y \u00e9tico.<br>\u2013 Modalidades alternativas que complementan la salud digestiva.<br>\u2013 Recibir\u00e1s certificaciones adicionales en nutrici\u00f3n, marketing para peque\u00f1as empresas y operaciones comerciales, adem\u00e1s de convertirte en miembro de la prestigiosa NBCHT.<\/p><div class=\"uagb-ifb-button-wrapper wp-block-button\"><a href=\"https:\/\/thecolonictrainingcenter.com\/es_do\/contact\/\" class=\"uagb-infobox-cta-link wp-block-button__link\" target=\"_self\" rel=\"noopener noreferrer\" onclick=\"return true;\"><span class=\"uagb-inline-editing\">Cont\u00e1ctenos<\/span><\/a><\/div><\/div><\/div><\/div>\n<\/div><\/div>","protected":false},"excerpt":{"rendered":"<p>En colaboraci\u00f3n con:<\/p>","protected":false},"author":2,"featured_media":0,"parent":0,"menu_order":0,"comment_status":"closed","ping_status":"open","template":"","meta":{"_uag_custom_page_level_css":"","site-sidebar-layout":"no-sidebar","site-content-layout":"page-builder","ast-site-content-layout":"full-width-container","site-content-style":"unboxed","site-sidebar-style":"unboxed","ast-global-header-display":"","ast-banner-title-visibility":"","ast-main-header-display":"disabled","ast-hfb-above-header-display":"","ast-hfb-below-header-display":"","ast-hfb-mobile-header-display":"disabled","site-post-title":"disabled","ast-breadcrumbs-content":"","ast-featured-img":"disabled","footer-sml-layout":"","theme-transparent-header-meta":"disabled","adv-header-id-meta":"","stick-header-meta":"","header-above-stick-meta":"","header-main-stick-meta":"","header-below-stick-meta":"","astra-migrate-meta-layouts":"set","ast-page-background-enabled":"default","ast-page-background-meta":{"desktop":{"background-color":"","background-image":"","background-repeat":"repeat","background-position":"center center","background-size":"auto","background-attachment":"scroll","background-type":"","background-media":"","overlay-type":"","overlay-color":"","overlay-opacity":"","overlay-gradient":""},"tablet":{"background-color":"","background-image":"","background-repeat":"repeat","background-position":"center center","background-size":"auto","background-attachment":"scroll","background-type":"","background-media":"","overlay-type":"","overlay-color":"","overlay-opacity":"","overlay-gradient":""},"mobile":{"background-color":"","background-image":"","background-repeat":"repeat","background-position":"center center","background-size":"auto","background-attachment":"scroll","background-type":"","background-media":"","overlay-type":"","overlay-color":"","overlay-opacity":"","overlay-gradient":""}},"ast-content-background-meta":{"desktop":{"background-color":"var(--ast-global-color-5)","background-image":"","background-repeat":"repeat","background-position":"center center","background-size":"auto","background-attachment":"scroll","background-type":"","background-media":"","overlay-type":"","overlay-color":"","overlay-opacity":"","overlay-gradient":""},"tablet":{"background-color":"var(--ast-global-color-5)","background-image":"","background-repeat":"repeat","background-position":"center center","background-size":"auto","background-attachment":"scroll","background-type":"","background-media":"","overlay-type":"","overlay-color":"","overlay-opacity":"","overlay-gradient":""},"mobile":{"background-color":"var(--ast-global-color-5)","background-image":"","background-repeat":"repeat","background-position":"center center","background-size":"auto","background-attachment":"scroll","background-type":"","background-media":"","overlay-type":"","overlay-color":"","overlay-opacity":"","overlay-gradient":""}},"footnotes":""},"class_list":["post-135","page","type-page","status-publish","hentry"],"uagb_featured_image_src":{"full":false,"thumbnail":false,"medium":false,"medium_large":false,"large":false,"1536x1536":false,"2048x2048":false,"trp-custom-language-flag":false},"uagb_author_info":{"display_name":"Pablo Maria","author_link":"https:\/\/thecolonictrainingcenter.com\/es_do\/author\/pablo\/"},"uagb_comment_info":0,"uagb_excerpt":"In partnership with:","_links":{"self":[{"href":"https:\/\/thecolonictrainingcenter.com\/es_do\/wp-json\/wp\/v2\/pages\/135","targetHints":{"allow":["GET"]}}],"collection":[{"href":"https:\/\/thecolonictrainingcenter.com\/es_do\/wp-json\/wp\/v2\/pages"}],"about":[{"href":"https:\/\/thecolonictrainingcenter.com\/es_do\/wp-json\/wp\/v2\/types\/page"}],"author":[{"embeddable":true,"href":"https:\/\/thecolonictrainingcenter.com\/es_do\/wp-json\/wp\/v2\/users\/2"}],"replies":[{"embeddable":true,"href":"https:\/\/thecolonictrainingcenter.com\/es_do\/wp-json\/wp\/v2\/comments?post=135"}],"version-history":[{"count":215,"href":"https:\/\/thecolonictrainingcenter.com\/es_do\/wp-json\/wp\/v2\/pages\/135\/revisions"}],"predecessor-version":[{"id":7579,"href":"https:\/\/thecolonictrainingcenter.com\/es_do\/wp-json\/wp\/v2\/pages\/135\/revisions\/7579"}],"wp:attachment":[{"href":"https:\/\/thecolonictrainingcenter.com\/es_do\/wp-json\/wp\/v2\/media?parent=135"}],"curies":[{"name":"wp","href":"https:\/\/api.w.org\/{rel}","templated":true}]}}